{"id":11212,"date":"2022-04-22T13:51:33","date_gmt":"2022-04-22T13:51:33","guid":{"rendered":"https:\/\/siteunidos.eu\/icpertini\/?page_id=11212"},"modified":"2023-01-25T15:30:23","modified_gmt":"2023-01-25T15:30:23","slug":"organi-collegiali","status":"publish","type":"page","link":"https:\/\/www.itaspertini.edu.it\/site\/organi-collegiali\/","title":{"rendered":"Organi Collegiali"},"content":{"rendered":"\t\t<div data-elementor-type=\"wp-page\" data-elementor-id=\"11212\" class=\"elementor elementor-11212\" data-elementor-post-type=\"page\">\n\t\t\t\t\t\t<section class=\"has_eae_slider elementor-section elementor-top-section elementor-element elementor-element-ddcb302 elementor-section-boxed elementor-section-height-default elementor-section-height-default\" data-eae-slider=\"63051\" data-id=\"ddcb302\" data-element_type=\"section\" data-e-type=\"section\">\n\t\t\t\t\t\t<div class=\"elementor-container elementor-column-gap-default\">\n\t\t\t\t\t<div class=\"has_eae_slider elementor-column elementor-col-100 elementor-top-column elementor-element elementor-element-71a08b6\" data-eae-slider=\"49688\" data-id=\"71a08b6\" data-element_type=\"column\" data-e-type=\"column\">\n\t\t\t<div class=\"elementor-widget-wrap elementor-element-populated\">\n\t\t\t\t\t\t<section class=\"has_eae_slider elementor-section elementor-inner-section elementor-element elementor-element-8c4cd4e elementor-section-boxed elementor-section-height-default elementor-section-height-default\" data-eae-slider=\"19341\" data-id=\"8c4cd4e\" data-element_type=\"section\" data-e-type=\"section\">\n\t\t\t\t\t\t<div class=\"elementor-container elementor-column-gap-default\">\n\t\t\t\t\t<div class=\"has_eae_slider elementor-column elementor-col-100 elementor-inner-column elementor-element elementor-element-c6f2cbc\" data-eae-slider=\"32657\" data-id=\"c6f2cbc\" data-element_type=\"column\" data-e-type=\"column\" data-settings=\"{&quot;background_background&quot;:&quot;classic&quot;}\">\n\t\t\t<div class=\"elementor-widget-wrap elementor-element-populated\">\n\t\t\t\t\t\t<div class=\"elementor-element elementor-element-35b90ca elementor-widget elementor-widget-text-editor\" data-id=\"35b90ca\" data-element_type=\"widget\" data-e-type=\"widget\" data-widget_type=\"text-editor.default\">\n\t\t\t\t<div class=\"elementor-widget-container\">\n\t\t\t\t\t\t\t\t\t<p>Gli organismi a carattere collegiale sono previsti a vari livelli della scuola.<br \/>I componenti degli organi collegiali vengono eletti dai componenti della categoria di appartenenza; i genitori che fanno parte di organismi collegiali sono, pertanto, eletti da altri genitori.\u00a0<br \/>La funzione degli organi collegiali \u00e8 diversa a seconda dei livelli di collocazione: \u00e8 consultiva e propositiva a livello di base (consigli di classe e interclasse), \u00e8 deliberativa ai livelli superiori (consigli di circolo\/istituto).<\/p>\t\t\t\t\t\t\t\t<\/div>\n\t\t\t\t<\/div>\n\t\t\t\t\t<\/div>\n\t\t<\/div>\n\t\t\t\t\t<\/div>\n\t\t<\/section>\n\t\t\t\t\t<\/div>\n\t\t<\/div>\n\t\t\t\t\t<\/div>\n\t\t<\/section>\n\t\t\t\t<section class=\"has_eae_slider elementor-section elementor-top-section elementor-element elementor-element-3122c4c elementor-section-boxed elementor-section-height-default elementor-section-height-default\" data-eae-slider=\"50673\" data-id=\"3122c4c\" data-element_type=\"section\" data-e-type=\"section\">\n\t\t\t\t\t\t<div class=\"elementor-container elementor-column-gap-default\">\n\t\t\t\t\t<div class=\"has_eae_slider elementor-column elementor-col-100 elementor-top-column elementor-element elementor-element-3e42f5b\" data-eae-slider=\"66686\" data-id=\"3e42f5b\" data-element_type=\"column\" data-e-type=\"column\">\n\t\t\t<div class=\"elementor-widget-wrap elementor-element-populated\">\n\t\t\t\t\t\t<section class=\"has_eae_slider elementor-section elementor-inner-section elementor-element elementor-element-b5aeefc elementor-section-boxed elementor-section-height-default elementor-section-height-default\" data-eae-slider=\"87081\" data-id=\"b5aeefc\" data-element_type=\"section\" data-e-type=\"section\">\n\t\t\t\t\t\t<div class=\"elementor-container elementor-column-gap-default\">\n\t\t\t\t\t<div class=\"has_eae_slider elementor-column elementor-col-50 elementor-inner-column elementor-element elementor-element-07de5d6\" data-eae-slider=\"61351\" data-id=\"07de5d6\" data-element_type=\"column\" data-e-type=\"column\" data-settings=\"{&quot;background_background&quot;:&quot;classic&quot;}\">\n\t\t\t<div class=\"elementor-widget-wrap elementor-element-populated\">\n\t\t\t\t\t\t<div class=\"elementor-element elementor-element-3d6fa60 eael-flipbox-content-align-center elementor-widget elementor-widget-eael-flip-box\" data-id=\"3d6fa60\" data-element_type=\"widget\" data-e-type=\"widget\" data-widget_type=\"eael-flip-box.default\">\n\t\t\t\t<div class=\"elementor-widget-container\">\n\t\t\t\t\t        <div class=\"eael-elements-flip-box-container eael-animate-flip eael-animate-fade-in eael-content eael-flip-box-hover eael-flipbox-fixed-height eael-flipbox-dynamic\">\n\n            <a class=\"eael-elements-flip-box-flip-card\" href=\"https:\/\/siteunidos.eu\/icpertini\/consiglio-di-istituto\/\">\n                <div class=\"eael-elements-flip-box-front-container\">\n                    \n                    \n                        <div class=\"eael-elements-slider-display-table\">\n                            <div class=\"eael-elements-flip-box-vertical-align\">\n                                <div class=\"eael-elements-flip-box-padding\">\n                                    <div class=\"eael-elements-flip-box-icon-image\">\n                                                                                    <i aria-hidden=\"true\" class=\"ea-flipbox-icon fas fa-users\"><\/i>                                                                                    <\/div>\n                                    <h2 class=\"eael-elements-flip-box-heading\">Consiglio di Istituto<\/h2>                                    <div class=\"eael-elements-flip-box-content\">\n\t                                                                        <\/div>\n                                <\/div>\n                            <\/div>\n                        <\/div>\n                                    <\/div>\n\n                <div class=\"eael-elements-flip-box-rear-container\">\n                                                                <div class=\"eael-elements-slider-display-table\">\n                            <div class=\"eael-elements-flip-box-vertical-align\">\n                                <div class=\"eael-elements-flip-box-padding\">\n                                                                            <div class=\"eael-elements-flip-box-icon-image\">\n                                            <i aria-hidden=\"true\" class=\"ea-flipbox-icon fas fa-users\"><\/i>                                                <\/div>\n                                                                                                            <div class=\"eael-elements-flip-box-content\">\n                                        <p>Il Consiglio di istituto \u00e8 l\u2019organo di indirizzo e di gestione degli aspetti economici e organizzativi generali della scuola. Rappresenta tutte le componenti dell\u2019Istituto (docenti, studenti per le sole scuole secondarie di secondo grado, genitori e personale non docente) con un numero di rappresentanti variabile a seconda delle dimensioni della scuola.<\/p>                                    <\/div>\n\n                                                                    <\/div>\n                            <\/div>\n                        <\/div>\n                                    <\/div>\n            <\/a>\n        <\/div>\n        \t\t\t\t<\/div>\n\t\t\t\t<\/div>\n\t\t\t\t<div class=\"elementor-element elementor-element-7cfb47d eael-flipbox-content-align-center elementor-widget elementor-widget-eael-flip-box\" data-id=\"7cfb47d\" data-element_type=\"widget\" data-e-type=\"widget\" data-widget_type=\"eael-flip-box.default\">\n\t\t\t\t<div class=\"elementor-widget-container\">\n\t\t\t\t\t        <div class=\"eael-elements-flip-box-container eael-animate-flip eael-animate-fade-in eael-content eael-flip-box-hover eael-flipbox-fixed-height eael-flipbox-dynamic\">\n\n            <a class=\"eael-elements-flip-box-flip-card\" href=\"https:\/\/siteunidos.eu\/icpertini\/consiglio-di-classe\/\">\n                <div class=\"eael-elements-flip-box-front-container\">\n                    \n                    \n                        <div class=\"eael-elements-slider-display-table\">\n                            <div class=\"eael-elements-flip-box-vertical-align\">\n                                <div class=\"eael-elements-flip-box-padding\">\n                                    <div class=\"eael-elements-flip-box-icon-image\">\n                                                                                    <i aria-hidden=\"true\" class=\"ea-flipbox-icon fas fa-user-friends\"><\/i>                                                                                    <\/div>\n                                    <h2 class=\"eael-elements-flip-box-heading\">Consiglio di Classe<\/h2>                                    <div class=\"eael-elements-flip-box-content\">\n\t                                                                        <\/div>\n                                <\/div>\n                            <\/div>\n                        <\/div>\n                                    <\/div>\n\n                <div class=\"eael-elements-flip-box-rear-container\">\n                                                                <div class=\"eael-elements-slider-display-table\">\n                            <div class=\"eael-elements-flip-box-vertical-align\">\n                                <div class=\"eael-elements-flip-box-padding\">\n                                                                            <div class=\"eael-elements-flip-box-icon-image\">\n                                            <i aria-hidden=\"true\" class=\"ea-flipbox-icon fas fa-user-friends\"><\/i>                                                <\/div>\n                                                                                                            <div class=\"eael-elements-flip-box-content\">\n                                        <p>Il consiglio di classe si occupa dell&#8217;andamento generale della classe, formula proposte al dirigente scolastico per il miglioramento dell&#8217;attivit\u00e0, si esprime su eventuali progetti di sperimentazione, presenta proposte per un efficace rapporto scuola-famiglia (articolo 5 del Decreto Legislativo 297 del 16 aprile 1994 e successive modifiche).<\/p>                                    <\/div>\n\n                                                                    <\/div>\n                            <\/div>\n                        <\/div>\n                                    <\/div>\n            <\/a>\n        <\/div>\n        \t\t\t\t<\/div>\n\t\t\t\t<\/div>\n\t\t\t\t\t<\/div>\n\t\t<\/div>\n\t\t\t\t<div class=\"has_eae_slider elementor-column elementor-col-50 elementor-inner-column elementor-element elementor-element-f80ac86\" data-eae-slider=\"35121\" data-id=\"f80ac86\" data-element_type=\"column\" data-e-type=\"column\" data-settings=\"{&quot;background_background&quot;:&quot;classic&quot;}\">\n\t\t\t<div class=\"elementor-widget-wrap elementor-element-populated\">\n\t\t\t\t\t\t<div class=\"elementor-element elementor-element-c364a83 eael-flipbox-content-align-center elementor-widget elementor-widget-eael-flip-box\" data-id=\"c364a83\" data-element_type=\"widget\" data-e-type=\"widget\" data-widget_type=\"eael-flip-box.default\">\n\t\t\t\t<div class=\"elementor-widget-container\">\n\t\t\t\t\t        <div class=\"eael-elements-flip-box-container eael-animate-flip eael-animate-fade-in eael-content eael-flip-box-hover eael-flipbox-fixed-height eael-flipbox-dynamic\">\n\n            <a class=\"eael-elements-flip-box-flip-card\" href=\"https:\/\/siteunidos.eu\/icpertini\/collegio-dei-docenti\/\">\n                <div class=\"eael-elements-flip-box-front-container\">\n                    \n                    \n                        <div class=\"eael-elements-slider-display-table\">\n                            <div class=\"eael-elements-flip-box-vertical-align\">\n                                <div class=\"eael-elements-flip-box-padding\">\n                                    <div class=\"eael-elements-flip-box-icon-image\">\n                                                                                    <i aria-hidden=\"true\" class=\"ea-flipbox-icon fas fa-users-cog\"><\/i>                                                                                    <\/div>\n                                    <h2 class=\"eael-elements-flip-box-heading\">Collegio dei Docenti<\/h2>                                    <div class=\"eael-elements-flip-box-content\">\n\t                                                                        <\/div>\n                                <\/div>\n                            <\/div>\n                        <\/div>\n                                    <\/div>\n\n                <div class=\"eael-elements-flip-box-rear-container\">\n                                                                <div class=\"eael-elements-slider-display-table\">\n                            <div class=\"eael-elements-flip-box-vertical-align\">\n                                <div class=\"eael-elements-flip-box-padding\">\n                                                                            <div class=\"eael-elements-flip-box-icon-image\">\n                                            <i aria-hidden=\"true\" class=\"ea-flipbox-icon fas fa-users-cog\"><\/i>                                                <\/div>\n                                                                                                            <div class=\"eael-elements-flip-box-content\">\n                                        <p>Il collegio dei docenti \u00e8 composto dal personale docente di ruolo e non di ruolo in servizio nell\u2019istituzione scolastica ed \u00e8 presieduto dal Dirigente scolastico.<br \/>Il collegio dei docenti \u00e8 composto dal personale docente di ruolo e non di ruolo in servizio nell\u2019istituzione scolastica ed \u00e8 presieduto dal Dirigente scolastico.<\/p>                                    <\/div>\n\n                                                                    <\/div>\n                            <\/div>\n                        <\/div>\n                                    <\/div>\n            <\/a>\n        <\/div>\n        \t\t\t\t<\/div>\n\t\t\t\t<\/div>\n\t\t\t\t<div class=\"elementor-element elementor-element-75355b0 eael-flipbox-content-align-center elementor-widget elementor-widget-eael-flip-box\" data-id=\"75355b0\" data-element_type=\"widget\" data-e-type=\"widget\" data-widget_type=\"eael-flip-box.default\">\n\t\t\t\t<div class=\"elementor-widget-container\">\n\t\t\t\t\t        <div class=\"eael-elements-flip-box-container eael-animate-flip eael-animate-fade-in eael-content eael-flip-box-hover eael-flipbox-fixed-height eael-flipbox-dynamic\">\n\n            <a class=\"eael-elements-flip-box-flip-card\" href=\"https:\/\/siteunidos.eu\/icpertini\/assemblea-dei-genitori\/\">\n                <div class=\"eael-elements-flip-box-front-container\">\n                    \n                    \n                        <div class=\"eael-elements-slider-display-table\">\n                            <div class=\"eael-elements-flip-box-vertical-align\">\n                                <div class=\"eael-elements-flip-box-padding\">\n                                    <div class=\"eael-elements-flip-box-icon-image\">\n                                                                                    <i aria-hidden=\"true\" class=\"ea-flipbox-icon fas fa-user-edit\"><\/i>                                                                                    <\/div>\n                                    <h2 class=\"eael-elements-flip-box-heading\">Assemblea dei Genitori<\/h2>                                    <div class=\"eael-elements-flip-box-content\">\n\t                                                                        <\/div>\n                                <\/div>\n                            <\/div>\n                        <\/div>\n                                    <\/div>\n\n                <div class=\"eael-elements-flip-box-rear-container\">\n                                                                <div class=\"eael-elements-slider-display-table\">\n                            <div class=\"eael-elements-flip-box-vertical-align\">\n                                <div class=\"eael-elements-flip-box-padding\">\n                                                                            <div class=\"eael-elements-flip-box-icon-image\">\n                                            <i aria-hidden=\"true\" class=\"ea-flipbox-icon fas fa-user-edit\"><\/i>                                                <\/div>\n                                                                                                            <div class=\"eael-elements-flip-box-content\">\n                                        <p>I genitori hanno diritto di riunirsi in assemblea tra di loro per discutere di problemi che riguardino aspetti di carattere generale della scuola o delle classi frequentante dai propri figli. <br \/>Le assemblee possono essere di singole classi o di istitutoAlle assemblee possono partecipare con diritto di parola il dirigente e i docenti della classe.<\/p>                                    <\/div>\n\n                                                                    <\/div>\n                            <\/div>\n                        <\/div>\n                                    <\/div>\n            <\/a>\n        <\/div>\n        \t\t\t\t<\/div>\n\t\t\t\t<\/div>\n\t\t\t\t\t<\/div>\n\t\t<\/div>\n\t\t\t\t\t<\/div>\n\t\t<\/section>\n\t\t\t\t\t<\/div>\n\t\t<\/div>\n\t\t\t\t\t<\/div>\n\t\t<\/section>\n\t\t\t\t<\/div>\n\t\t","protected":false},"excerpt":{"rendered":"<p>Gli organismi a carattere collegiale sono previsti a vari livelli della scuola.I componenti degli organi collegiali vengono eletti dai componenti della categoria di appartenenza; i genitori che fanno parte di organismi collegiali sono, pertanto, eletti da altri genitori.\u00a0La funzione degli organi collegiali \u00e8 diversa a seconda dei livelli di collocazione: \u00e8 consultiva e propositiva a [&hellip;]<\/p>\n","protected":false},"author":1,"featured_media":0,"parent":0,"menu_order":0,"comment_status":"closed","ping_status":"closed","template":"","meta":{"footnotes":""},"class_list":["post-11212","page","type-page","status-publish","hentry"],"yoast_head":"<!-- This site is optimized with the Yoast SEO plugin v27.2 - https:\/\/yoast.com\/product\/yoast-seo-wordpress\/ -->\n<title>Organi Collegiali - Itas Pertini<\/title>\n<meta name=\"robots\" content=\"index, follow, max-snippet:-1, max-image-preview:large, max-video-preview:-1\" \/>\n<link rel=\"canonical\" href=\"https:\/\/www.itaspertini.edu.it\/site\/organi-collegiali\/\" \/>\n<meta property=\"og:locale\" content=\"it_IT\" \/>\n<meta property=\"og:type\" content=\"article\" \/>\n<meta property=\"og:title\" content=\"Organi Collegiali - Itas Pertini\" \/>\n<meta property=\"og:description\" content=\"Gli organismi a carattere collegiale sono previsti a vari livelli della scuola.I componenti degli organi collegiali vengono eletti dai componenti della categoria di appartenenza; i genitori che fanno parte di organismi collegiali sono, pertanto, eletti da altri genitori.\u00a0La funzione degli organi collegiali \u00e8 diversa a seconda dei livelli di collocazione: \u00e8 consultiva e propositiva a [&hellip;]\" \/>\n<meta property=\"og:url\" content=\"https:\/\/www.itaspertini.edu.it\/site\/organi-collegiali\/\" \/>\n<meta property=\"og:site_name\" content=\"Itas Pertini\" \/>\n<meta property=\"article:modified_time\" content=\"2023-01-25T15:30:23+00:00\" \/>\n<meta name=\"twitter:card\" content=\"summary_large_image\" \/>\n<script type=\"application\/ld+json\" class=\"yoast-schema-graph\">{\"@context\":\"https:\/\/schema.org\",\"@graph\":[{\"@type\":\"WebPage\",\"@id\":\"https:\/\/www.itaspertini.edu.it\/site\/organi-collegiali\/\",\"url\":\"https:\/\/www.itaspertini.edu.it\/site\/organi-collegiali\/\",\"name\":\"Organi Collegiali - Itas Pertini\",\"isPartOf\":{\"@id\":\"https:\/\/www.itaspertini.edu.it\/site\/#website\"},\"datePublished\":\"2022-04-22T13:51:33+00:00\",\"dateModified\":\"2023-01-25T15:30:23+00:00\",\"breadcrumb\":{\"@id\":\"https:\/\/www.itaspertini.edu.it\/site\/organi-collegiali\/#breadcrumb\"},\"inLanguage\":\"it-IT\",\"potentialAction\":[{\"@type\":\"ReadAction\",\"target\":[\"https:\/\/www.itaspertini.edu.it\/site\/organi-collegiali\/\"]}]},{\"@type\":\"BreadcrumbList\",\"@id\":\"https:\/\/www.itaspertini.edu.it\/site\/organi-collegiali\/#breadcrumb\",\"itemListElement\":[{\"@type\":\"ListItem\",\"position\":1,\"name\":\"Home\",\"item\":\"https:\/\/www.itaspertini.edu.it\/site\/\"},{\"@type\":\"ListItem\",\"position\":2,\"name\":\"Organi Collegiali\"}]},{\"@type\":\"WebSite\",\"@id\":\"https:\/\/www.itaspertini.edu.it\/site\/#website\",\"url\":\"https:\/\/www.itaspertini.edu.it\/site\/\",\"name\":\"Itas Pertini\",\"description\":\"Sito Istituzionale Itas Pertini\",\"potentialAction\":[{\"@type\":\"SearchAction\",\"target\":{\"@type\":\"EntryPoint\",\"urlTemplate\":\"https:\/\/www.itaspertini.edu.it\/site\/?s={search_term_string}\"},\"query-input\":{\"@type\":\"PropertyValueSpecification\",\"valueRequired\":true,\"valueName\":\"search_term_string\"}}],\"inLanguage\":\"it-IT\"}]}<\/script>\n<!-- \/ Yoast SEO plugin. -->","yoast_head_json":{"title":"Organi Collegiali - Itas Pertini","robots":{"index":"index","follow":"follow","max-snippet":"max-snippet:-1","max-image-preview":"max-image-preview:large","max-video-preview":"max-video-preview:-1"},"canonical":"https:\/\/www.itaspertini.edu.it\/site\/organi-collegiali\/","og_locale":"it_IT","og_type":"article","og_title":"Organi Collegiali - Itas Pertini","og_description":"Gli organismi a carattere collegiale sono previsti a vari livelli della scuola.I componenti degli organi collegiali vengono eletti dai componenti della categoria di appartenenza; i genitori che fanno parte di organismi collegiali sono, pertanto, eletti da altri genitori.\u00a0La funzione degli organi collegiali \u00e8 diversa a seconda dei livelli di collocazione: \u00e8 consultiva e propositiva a [&hellip;]","og_url":"https:\/\/www.itaspertini.edu.it\/site\/organi-collegiali\/","og_site_name":"Itas Pertini","article_modified_time":"2023-01-25T15:30:23+00:00","twitter_card":"summary_large_image","schema":{"@context":"https:\/\/schema.org","@graph":[{"@type":"WebPage","@id":"https:\/\/www.itaspertini.edu.it\/site\/organi-collegiali\/","url":"https:\/\/www.itaspertini.edu.it\/site\/organi-collegiali\/","name":"Organi Collegiali - Itas Pertini","isPartOf":{"@id":"https:\/\/www.itaspertini.edu.it\/site\/#website"},"datePublished":"2022-04-22T13:51:33+00:00","dateModified":"2023-01-25T15:30:23+00:00","breadcrumb":{"@id":"https:\/\/www.itaspertini.edu.it\/site\/organi-collegiali\/#breadcrumb"},"inLanguage":"it-IT","potentialAction":[{"@type":"ReadAction","target":["https:\/\/www.itaspertini.edu.it\/site\/organi-collegiali\/"]}]},{"@type":"BreadcrumbList","@id":"https:\/\/www.itaspertini.edu.it\/site\/organi-collegiali\/#breadcrumb","itemListElement":[{"@type":"ListItem","position":1,"name":"Home","item":"https:\/\/www.itaspertini.edu.it\/site\/"},{"@type":"ListItem","position":2,"name":"Organi Collegiali"}]},{"@type":"WebSite","@id":"https:\/\/www.itaspertini.edu.it\/site\/#website","url":"https:\/\/www.itaspertini.edu.it\/site\/","name":"Itas Pertini","description":"Sito Istituzionale Itas Pertini","potentialAction":[{"@type":"SearchAction","target":{"@type":"EntryPoint","urlTemplate":"https:\/\/www.itaspertini.edu.it\/site\/?s={search_term_string}"},"query-input":{"@type":"PropertyValueSpecification","valueRequired":true,"valueName":"search_term_string"}}],"inLanguage":"it-IT"}]}},"_links":{"self":[{"href":"https:\/\/www.itaspertini.edu.it\/site\/wp-json\/wp\/v2\/pages\/11212","targetHints":{"allow":["GET"]}}],"collection":[{"href":"https:\/\/www.itaspertini.edu.it\/site\/wp-json\/wp\/v2\/pages"}],"about":[{"href":"https:\/\/www.itaspertini.edu.it\/site\/wp-json\/wp\/v2\/types\/page"}],"author":[{"embeddable":true,"href":"https:\/\/www.itaspertini.edu.it\/site\/wp-json\/wp\/v2\/users\/1"}],"replies":[{"embeddable":true,"href":"https:\/\/www.itaspertini.edu.it\/site\/wp-json\/wp\/v2\/comments?post=11212"}],"version-history":[{"count":0,"href":"https:\/\/www.itaspertini.edu.it\/site\/wp-json\/wp\/v2\/pages\/11212\/revisions"}],"wp:attachment":[{"href":"https:\/\/www.itaspertini.edu.it\/site\/wp-json\/wp\/v2\/media?parent=11212"}],"curies":[{"name":"wp","href":"https:\/\/api.w.org\/{rel}","templated":true}]}}